{"id":8,"date":"2019-05-21T12:56:39","date_gmt":"2019-05-21T12:56:39","guid":{"rendered":"https:\/\/serfilco.realdot.de\/?page_id=8"},"modified":"2020-09-23T10:00:47","modified_gmt":"2020-09-23T10:00:47","slug":"ueber-uns","status":"publish","type":"page","link":"https:\/\/serfilco.de\/wordpress\/ueber-uns\/","title":{"rendered":"\u00dcber uns"},"content":{"rendered":"<p>[vc_row][vc_column width=&#8220;1\/2&#8243;][vc_text_separator title=&#8220;\u00dcber uns&#8220; title_align=&#8220;separator_align_left&#8220;][vc_column_text]<\/p>\n<p class=\"p1\"><span class=\"s1\">Seit \u00fcber 50 Jahren z\u00e4hlt<b> SERFILCO<\/b><\/span><span class=\"s2\"><b><sup>\u00ae<\/sup><\/b><\/span><span class=\"s1\">\u00a0zu den f\u00fchrenden Ausr\u00fcstern von Anlagenbau und Industrie f\u00fcr Pumpen- und Filtertechnik f\u00fcr die Oberfl\u00e4chenveredelung (Galvanik auf Metall und Kunststoff) und andere Nassprozessanwendungen, z.B in der Aluminiumbeschichtung (Eloxal) oder der Leiterplattenfertigung.<\/span><\/p>\n<p class=\"p2\"><span class=\"s1\"><b>SERFILCO<\/b><\/span><span class=\"s2\"><b><sup>\u00ae<\/sup><\/b><\/span><span class=\"s1\"><span class=\"Apple-converted-space\">\u00a0 <\/span>ist Spezialist f\u00fcr die Entwicklung, Herstellung und den Vertrieb von korrosions-best\u00e4ndigen Pumpen, Filtern, Filtermedien und Badbewegungssystemen ohne Luft. Das breite <b>SERFILCO<\/b><\/span><span class=\"s2\"><b><sup>\u00ae<\/sup><\/b><\/span><span class=\"s1\"> -Lieferprogramm umfa\u00dft Kunststoffpumpen, Filtersysteme, Filtermedien, Pumpenzubeh\u00f6r, Badheizer, Bewegungssysteme (ohne Luft) und Ersatzteilversorgung. Mit robusten und langlebigen Aggregaten und Zubeh\u00f6r in hoher Qualit\u00e4t unterst\u00fctzt <b>SERFILCO<\/b><\/span><span class=\"s2\"><b><sup>\u00ae<\/sup><\/b><\/span><span class=\"s1\"> Anwender effektiv dabei die Prozesse zu optimieren, die Qualit\u00e4t zu verbessern, die Kosten zu senken und die Umwelt zu sch\u00fctzen. Mit Standorten in den USA, Gro\u00dfbritannien, Deutschland, China und Indien erf\u00fcllt <b>SERFILCO<\/b><\/span><span class=\"s2\"><b><sup>\u00ae<\/sup><\/b><\/span><span class=\"s1\"> sein Versprechen:<\/span><\/p>\n<p class=\"p2\"><span class=\"s1\"><b>\u201eGLOBALE PRODUKTE,<span class=\"Apple-converted-space\">\u00a0 <\/span>LOKALER SERVICE<span class=\"Apple-converted-space\">\u00a0 <\/span>UND<span class=\"Apple-converted-space\">\u00a0 <\/span>QUALIFIZIERTE TECHNISCHE BERATUNG, AUF DIE SIE SICH VERLASSEN K\u00d6NNEN\u201c<\/b><\/span><\/p>\n<p class=\"p2\"><span class=\"s1\">Wir freuen uns \u00fcber Ihre Anfrage und sind zuversichtlich, dass wir f\u00fcr alle Stufen Ihrer Prozesskette klare L\u00f6sungen entwickeln und anbieten k\u00f6nnen. <\/span><\/p>\n<p>[\/vc_column_text][\/vc_column][vc_column width=&#8220;1\/2&#8243; css=&#8220;.vc_custom_1561361253322{padding-left: 50px !important;}&#8220;][vc_text_separator title=&#8220;Unsere Ziele&#8220; title_align=&#8220;separator_align_left&#8220;][vc_column_text]<\/p>\n<h2 class=\"p1\"><span class=\"s1\">SERFILCO<sup>\u00ae<\/sup> hat das Ziel, INNOVATION und EXPERTISE in einem sich ver\u00e4ndernden Umfeld bereitzustellen.<br \/>\n<\/span><\/h2>\n<p>[\/vc_column_text][vc_column_text]<\/p>\n<ul>\n<li>Niedrigste Betriebskosten in Bezug auf die Lebensdauer von Filtersystemen<\/li>\n<li>Minimieren von Wartungs- und Instandhaltungsaufwand<\/li>\n<li>Verhindern bzw. Minimieren von Ausschuss aufgrund von Rauheit, Lochfra\u00df und organischen Stoffen<\/li>\n<li>Eliminieren von Emissionen \u00fcber den Prozesstanks<\/li>\n<li>Reduzierung von chemischen Abf\u00e4llen und Materialverlusten zur Kostensenkung<\/li>\n<li>Benutzerfreundliche Systeme zur Aktivkohlebehandlung<\/li>\n<li>Unterst\u00fctzung bei der Schaffung einer sicheren Arbeitsumgebung<\/li>\n<li>Minimieren von Nebenkosten<\/li>\n<li>Praxiserprobte Beitr\u00e4ge, um schneller, intelligenter u. wirtschaftlicher arbeiten zu k\u00f6nnen<\/li>\n<li>Bestm\u00f6gliche Unterst\u00fctzung der Kunden<\/li>\n<\/ul>\n<p>[\/vc_column_text][\/vc_column][\/vc_row][vc_row][vc_column][\/vc_column][\/vc_row][vc_row][vc_column][vc_text_separator title=&#8220;Unsere Kunden&#8220; title_align=&#8220;separator_align_left&#8220;][clients][\/vc_column][\/vc_row]<\/p>\n","protected":false},"excerpt":{"rendered":"<p>[vc_row][vc_column width=&#8220;1\/2&#8243;][vc_text_separator title=&#8220;\u00dcber uns&#8220; title_align=&#8220;separator_align_left&#8220;][vc_column_text] Seit \u00fcber 50 Jahren z\u00e4hlt SERFILCO\u00ae\u00a0zu den f\u00fchrenden Ausr\u00fcstern von Anlagenbau und Industrie f\u00fcr Pumpen- und Filtertechnik f\u00fcr die Oberfl\u00e4chenveredelung (Galvanik auf Metall und Kunststoff) und andere Nassprozessanwendungen, z.B in der Aluminiumbeschichtung (Eloxal) oder der Leiterplattenfertigung. SERFILCO\u00ae\u00a0 ist Spezialist f\u00fcr die Entwicklung, Herstellung und den Vertrieb von korrosions-best\u00e4ndigen Pumpen, Filtern, [&hellip;]<\/p>\n","protected":false},"author":1,"featured_media":0,"parent":0,"menu_order":0,"comment_status":"closed","ping_status":"closed","template":"","meta":[],"_links":{"self":[{"href":"https:\/\/serfilco.de\/wordpress\/wp-json\/wp\/v2\/pages\/8"}],"collection":[{"href":"https:\/\/serfilco.de\/wordpress\/wp-json\/wp\/v2\/pages"}],"about":[{"href":"https:\/\/serfilco.de\/wordpress\/wp-json\/wp\/v2\/types\/page"}],"author":[{"embeddable":true,"href":"https:\/\/serfilco.de\/wordpress\/wp-json\/wp\/v2\/users\/1"}],"replies":[{"embeddable":true,"href":"https:\/\/serfilco.de\/wordpress\/wp-json\/wp\/v2\/comments?post=8"}],"version-history":[{"count":9,"href":"https:\/\/serfilco.de\/wordpress\/wp-json\/wp\/v2\/pages\/8\/revisions"}],"predecessor-version":[{"id":1262,"href":"https:\/\/serfilco.de\/wordpress\/wp-json\/wp\/v2\/pages\/8\/revisions\/1262"}],"wp:attachment":[{"href":"https:\/\/serfilco.de\/wordpress\/wp-json\/wp\/v2\/media?parent=8"}],"curies":[{"name":"wp","href":"https:\/\/api.w.org\/{rel}","templated":true}]}}