{"id":806,"date":"2019-05-27T09:20:17","date_gmt":"2019-05-27T09:20:17","guid":{"rendered":"https:\/\/serfilco.realdot.de\/?page_id=806"},"modified":"2019-12-16T09:25:10","modified_gmt":"2019-12-16T09:25:10","slug":"filtermedien","status":"publish","type":"page","link":"https:\/\/serfilco.de\/wordpress\/filtermedien\/","title":{"rendered":"Filtermedien"},"content":{"rendered":"<p>[vc_row][vc_column][media image=&#8220;946&#8243;][\/vc_column][\/vc_row][vc_row][vc_column width=&#8220;2\/3&#8243;][vc_column_text]<\/p>\n<h1>Filtermedien<\/h1>\n<p class=\"p1\"><span class=\"s1\">Wir sind wahrscheinlich am besten daf\u00fcr bekannt, eine der gr\u00f6\u00dften Auswahl an Filterkerzen im Sortiment zu haben; Schnurgewickelt, schmelzgeblasen, plissiert, Drahtgewebe, gesintert por\u00f6s und vieles mehr. Zu den verf\u00fcgbaren Konstruktionsmaterialien geh\u00f6ren Papier, Polypropylen, Polyester, Melamin, Baumwolle, Glas, fibrilliertes Polypropylen, SS316, SS304, PVDF und mehr, einschlie\u00dflich propriet\u00e4rer Materialien f\u00fcr hochaggressive Anwendungen.\u00a0<\/span><\/p>\n<p class=\"p1\"><span class=\"s1\">Kontaktieren Sie SERFILCO f\u00fcr Ihren Bedarf an Ersatzfiltrations- und Reinigungsmedien.<\/span><\/p>\n<p class=\"p1\"><span class=\"s1\">Zu den Reinigungsmedien geh\u00f6ren hochreine k\u00f6rnige Aktivkohle &#8211; und Aktivkohlefilterkerzen, f\u00fcr die Entfernung von organischen Stoffen aus Prozessl\u00f6sungen sowie Farben und Ger\u00fcche aus Trink- und Prozesswasser sowie Harze f\u00fcr Anwendungen wie die Entfernung von Schwermetallverunreinigungen aus dem Abwasser. <\/span><\/p>\n<p class=\"p1\"><span class=\"s1\">Wir bieten Ihnen Einweg-Geweberollenmedien f\u00fcr nahezu jeden hergestellten Schwerkraftfilter an. Beutelfiltrationsmedien, Koaleszenz &#8211; Medien, horizontales Scheibenfilterpapier und Filterhilfsmittel sind ebenfalls bei SERFILCO erh\u00e4ltlich.<\/span><\/p>\n<p>[\/vc_column_text][\/vc_column][vc_column width=&#8220;1\/3&#8243;][vc_column_text]<\/p>\n<h1>Vorteile f\u00fcr Filtermedien:<\/h1>\n<ul>\n<li>Pr\u00e4zisionsgewickelt<\/li>\n<li>Mikron Genauigkeit getestet<\/li>\n<li>Gro\u00dfe Auswahl an Medienmaterial, Filterkerzenl\u00e4ngen und Filterfeinheiten<\/li>\n<li>Hervorragende chemische Best\u00e4ndigkeit<\/li>\n<li>Passt in jede D.O.E. konforme Applikation<\/li>\n<li>L\u00e4nge passend f\u00fcr jede Kammer<\/li>\n<li>Selektive Tiefenfiltration<\/li>\n<li>Plissiert erh\u00e4ltlich f\u00fcr eine gr\u00f6\u00dfere Oberfl\u00e4che<\/li>\n<li>A-Kohlemedien zur Aufnahme von unerw\u00fcnschten Verunreinigungen<\/li>\n<li>Verbesserung der Qualit\u00e4t der Fertigprodukte und Minimierung von Wartung und Nacharbeit durch l\u00e4ngeren kontinuierlichen High-Flow-Betrieb.<\/li>\n<li>Sparen Sie Geld mit geringeren Kosten und einer gr\u00f6\u00dferen Filteroberfl\u00e4che<\/li>\n<\/ul>\n<p>[\/vc_column_text][\/vc_column][\/vc_row][vc_row][vc_column][vc_text_separator title=&#8220;PDF Bulletins&#8220; title_align=&#8220;separator_align_left&#8220; align=&#8220;align_left&#8220;][vc_column_text]\n\n<div id=\"wk-grid51b\" class=\"uk-grid-width-1-1 uk-grid-width-large-1-6 uk-grid uk-grid-match uk-text-left \" data-uk-grid-match=\"{target:'> div > .uk-panel', row:true}\" data-uk-grid-margin >\n\n\n    <div>\n        <div class=\"uk-panel\">\n\n            \n            \n                        <div class=\"uk-text-center uk-margin uk-margin-top-remove\"><div class=\"uk-overlay uk-overlay-hover \"><img src=\"\/wordpress\/wp-content\/plugins\/widgetkit\/cache\/Filterbeutel_Bulletin_GER-a833cd67e457dc3a759da451ac6b53e6.jpg\" class=\" uk-overlay-scale\" alt=\"Filter Beutel\" width=\"100\" height=\"150\"><a class=\"uk-position-cover\" href=\"\/wordpress\/wp-content\/uploads\/2019\/07\/Filterbeutel_Bulletin_GER.pdf\" target=\"_blank\" title=\"Filter Beutel\"><\/a><\/div><\/div>\n            \n            \n                        <h3 class=\"uk-panel-title\">\n\n                                    <a class=\"uk-link-reset\" href=\"\/wordpress\/wp-content\/uploads\/2019\/07\/Filterbeutel_Bulletin_GER.pdf\" target=\"_blank\">Filter Beutel<\/a>\n                \n                \n            <\/h3>\n            \n            \n            \n                        <div class=\"uk-margin\"><p>Material: PVC-C<br \/>\nLeistung: bis zu 1,8 m\u00b2<\/p>\n<\/div>\n            \n            \n            \n            \n        <\/div>\n    <\/div>\n\n\n    <div>\n        <div class=\"uk-panel\">\n\n            \n            \n                        <div class=\"uk-text-center uk-margin uk-margin-top-remove\"><div class=\"uk-overlay uk-overlay-hover \"><img src=\"\/wordpress\/wp-content\/plugins\/widgetkit\/cache\/B-Bulletin_KOHLE-Filterkerzen_M305_AB_Jan2011-1-a16c5f58aa08b70533838a7dd65a63b9.jpg\" class=\" uk-overlay-scale\" alt=\"Kohlefilterkerzen\" width=\"100\" height=\"150\"><a class=\"uk-position-cover\" href=\"\/wordpress\/wp-content\/uploads\/2019\/07\/B-Bulletin_KOHLE-Filterkerzen_M305_AB_Jan2011.pdf\" target=\"_blank\" title=\"Kohlefilterkerzen\"><\/a><\/div><\/div>\n            \n            \n                        <h3 class=\"uk-panel-title uk-margin-bottom-remove\">\n\n                                    <a class=\"uk-link-reset\" href=\"\/wordpress\/wp-content\/uploads\/2019\/07\/B-Bulletin_KOHLE-Filterkerzen_M305_AB_Jan2011.pdf\" target=\"_blank\">Kohlefilterkerzen<\/a>\n                \n                \n            <\/h3>\n            \n            \n            \n            \n            \n            \n            \n        <\/div>\n    <\/div>\n\n\n    <div>\n        <div class=\"uk-panel\">\n\n            \n            \n                        <div class=\"uk-text-center uk-margin uk-margin-top-remove\"><div class=\"uk-overlay uk-overlay-hover \"><img src=\"\/wordpress\/wp-content\/plugins\/widgetkit\/cache\/B-Bulletin_Filterkerzen_M109_R_GER_OKT_2014_mit-UU-1-e37285fba1fe52a89ce8703835ff12c4.jpg\" class=\" uk-overlay-scale\" alt=\"Polyspun Filterkerzen\" width=\"100\" height=\"150\"><a class=\"uk-position-cover\" href=\"\/wordpress\/wp-content\/uploads\/2019\/07\/B-Bulletin_Filterkerzen_M109_R_GER_OKT_2014_mit-UU.pdf\" target=\"_blank\" title=\"Polyspun Filterkerzen\"><\/a><\/div><\/div>\n            \n            \n                        <h3 class=\"uk-panel-title uk-margin-bottom-remove uk-margin-bottom-remove\">\n\n                                    <a class=\"uk-link-reset\" href=\"\/wordpress\/wp-content\/uploads\/2019\/07\/B-Bulletin_Filterkerzen_M109_R_GER_OKT_2014_mit-UU.pdf\" target=\"_blank\">Polyspun Filterkerzen<\/a>\n                \n                \n            <\/h3>\n            \n            \n            \n            \n            \n            \n            \n        <\/div>\n    <\/div>\n\n\n    <div>\n        <div class=\"uk-panel\">\n\n            \n            \n                        <div class=\"uk-text-center uk-margin uk-margin-top-remove\"><div class=\"uk-overlay uk-overlay-hover \"><img src=\"\/wordpress\/wp-content\/plugins\/widgetkit\/cache\/Spagetti-Media-_3_-407ce065a2619f6e6b253821c8ac06bd.jpg\" class=\" uk-overlay-scale\" alt=\"Spagetti Oil Absorbant Media Bulletin\" width=\"100\" height=\"150\"><a class=\"uk-position-cover\" href=\"\/wordpress\/wp-content\/uploads\/2019\/06\/Spagetti-Media-_3_.pdf\" target=\"_blank\" title=\"Spagetti Oil Absorbant Media Bulletin\"><\/a><\/div><\/div>\n            \n            \n                        <h3 class=\"uk-panel-title uk-margin-bottom-remove uk-margin-bottom-remove uk-margin-bottom-remove\">\n\n                                    <a class=\"uk-link-reset\" href=\"\/wordpress\/wp-content\/uploads\/2019\/06\/Spagetti-Media-_3_.pdf\" target=\"_blank\">Spagetti Oil Absorbant Media Bulletin<\/a>\n                \n                \n            <\/h3>\n            \n            \n            \n            \n            \n            \n            \n        <\/div>\n    <\/div>\n\n\n<\/div>\n\n<script>\n(function($){\n\n    \/\/ get the images of the gallery and replace it by a canvas of the same size to fix the problem with overlapping images on load.\n    $('img[width][height]:not(.uk-overlay-panel)', $('#wk-grid51b')).each(function() {\n\n        var $img = $(this);\n\n        if (this.width == 'auto' || this.height == 'auto' || !$img.is(':visible')) {\n            return;\n        }\n\n        var $canvas = $('<canvas class=\"uk-responsive-width\"><\/canvas>').attr({width:$img.attr('width'), height:$img.attr('height')}),\n            img = new Image,\n            release = function() {\n                $canvas.remove();\n                $img.css('display', '');\n                release = function(){};\n            };\n\n        $img.css('display', 'none').after($canvas);\n\n        $(img).on('load', function(){ release(); });\n        setTimeout(function(){ release(); }, 1000);\n\n        img.src = this.src;\n\n    });\n\n})(jQuery);\n<\/script>\n[\/vc_column_text][\/vc_column][\/vc_row]<\/p>\n","protected":false},"excerpt":{"rendered":"<p>[vc_row][vc_column][media image=&#8220;946&#8243;][\/vc_column][\/vc_row][vc_row][vc_column width=&#8220;2\/3&#8243;][vc_column_text] Filtermedien Wir sind wahrscheinlich am besten daf\u00fcr bekannt, eine der gr\u00f6\u00dften Auswahl an Filterkerzen im Sortiment zu haben; Schnurgewickelt, schmelzgeblasen, plissiert, Drahtgewebe, gesintert por\u00f6s und vieles mehr. Zu den verf\u00fcgbaren Konstruktionsmaterialien geh\u00f6ren Papier, Polypropylen, Polyester, Melamin, Baumwolle, Glas, fibrilliertes Polypropylen, SS316, SS304, PVDF und mehr, einschlie\u00dflich propriet\u00e4rer Materialien f\u00fcr hochaggressive Anwendungen.\u00a0 Kontaktieren [&hellip;]<\/p>\n","protected":false},"author":1,"featured_media":0,"parent":0,"menu_order":0,"comment_status":"closed","ping_status":"closed","template":"","meta":[],"_links":{"self":[{"href":"https:\/\/serfilco.de\/wordpress\/wp-json\/wp\/v2\/pages\/806"}],"collection":[{"href":"https:\/\/serfilco.de\/wordpress\/wp-json\/wp\/v2\/pages"}],"about":[{"href":"https:\/\/serfilco.de\/wordpress\/wp-json\/wp\/v2\/types\/page"}],"author":[{"embeddable":true,"href":"https:\/\/serfilco.de\/wordpress\/wp-json\/wp\/v2\/users\/1"}],"replies":[{"embeddable":true,"href":"https:\/\/serfilco.de\/wordpress\/wp-json\/wp\/v2\/comments?post=806"}],"version-history":[{"count":5,"href":"https:\/\/serfilco.de\/wordpress\/wp-json\/wp\/v2\/pages\/806\/revisions"}],"predecessor-version":[{"id":1206,"href":"https:\/\/serfilco.de\/wordpress\/wp-json\/wp\/v2\/pages\/806\/revisions\/1206"}],"wp:attachment":[{"href":"https:\/\/serfilco.de\/wordpress\/wp-json\/wp\/v2\/media?parent=806"}],"curies":[{"name":"wp","href":"https:\/\/api.w.org\/{rel}","templated":true}]}}